{"id":806,"date":"2023-01-04T12:28:29","date_gmt":"2023-01-04T12:28:29","guid":{"rendered":"https:\/\/villavuosseli.fi\/?page_id=806"},"modified":"2026-01-06T20:45:21","modified_gmt":"2026-01-06T20:45:21","slug":"home","status":"publish","type":"page","link":"https:\/\/villavuosseli.fi\/?page_id=806&lang=en","title":{"rendered":"HOME"},"content":{"rendered":"\n<div id=\"wp-block-themeisle-blocks-advanced-columns-5f4bfe2b\" class=\"wp-block-themeisle-blocks-advanced-columns alignfull has-1-columns has-desktop-equal-layout has-tablet-equal-layout has-mobile-equal-layout has-vertical-center\"><div class=\"wp-block-themeisle-blocks-advanced-columns-overlay\"><\/div><div class=\"innerblocks-wrap\">\n<div id=\"wp-block-themeisle-blocks-advanced-column-74b19e69\" class=\"wp-block-themeisle-blocks-advanced-column\"><\/div>\n<\/div><\/div>\n\n\n\n<div class=\"wp-block-group alignfull\"><div class=\"wp-block-group__inner-container is-layout-constrained wp-block-group-is-layout-constrained\">\n<div id=\"wp-block-themeisle-blocks-advanced-columns-ed5a9992\" class=\"wp-block-themeisle-blocks-advanced-columns alignfull has-1-columns has-desktop-equal-layout has-tablet-equal-layout has-mobile-collapsedRows-layout has-vertical-unset\"><div class=\"wp-block-themeisle-blocks-advanced-columns-overlay\"><\/div><div class=\"innerblocks-wrap\">\n<div id=\"wp-block-themeisle-blocks-advanced-column-9d4d2526\" class=\"wp-block-themeisle-blocks-advanced-column\">\n<h2 class=\"wp-block-heading has-text-align-center\">Welcome to Villa Vuosseli<\/h2>\n\n\n\n<hr class=\"wp-block-separator has-text-color has-nv-c-1-color has-css-opacity has-nv-c-1-background-color has-background is-style-wide\"\/>\n\n\n\n<p class=\"has-text-align-left\">There are 6 high-quality holiday apartments at Villa Vuosseli. There is also a modern barbecue hut shared by the apartments in the courtyard area. You can enjoy the peaceful woods and lake scenery in all seasons, and the distance to the services of Ruka village and It\u00e4 Ruka are only a few kilometers.<\/p>\n\n\n\n<h4 class=\"wp-block-heading has-text-align-center\">Book here:<\/h4>\n\n\n\n<div class=\"wp-block-buttons alignwide ticss-168adc84 is-content-justification-center is-layout-flex wp-container-core-buttons-is-layout-5e6b19ed wp-block-buttons-is-layout-flex\">\n<div class=\"wp-block-button\"><a class=\"wp-block-button__link has-small-font-size has-custom-font-size wp-element-button\" href=\"https:\/\/www.lomarengas.fi\/mokit\/kuusamo-rukatunturi-villa-vuosseli-a-1-11654\" style=\"border-radius:15px\" target=\"_blank\" rel=\"noreferrer noopener\">Apartment<br>A1<\/a><\/div>\n\n\n\n<div class=\"wp-block-button\"><a class=\"wp-block-button__link has-small-font-size has-custom-font-size wp-element-button\" href=\"https:\/\/villavuosseli.fi\/?page_id=879\" style=\"border-radius:15px\" target=\"_blank\" rel=\"noreferrer noopener\">Apartment<br>A2 <img loading=\"lazy\" decoding=\"async\" width=\"20\" height=\"14\" class=\"wp-image-693\" style=\"width: 20px;\" src=\"https:\/\/villavuosseli.fi\/wp\/wp\/wp-content\/uploads\/2022\/11\/whitedog.png\" alt=\"\" srcset=\"https:\/\/villavuosseli.fi\/wp-content\/uploads\/2022\/11\/whitedog.png 1280w, https:\/\/villavuosseli.fi\/wp-content\/uploads\/2022\/11\/whitedog-300x207.png 300w, https:\/\/villavuosseli.fi\/wp-content\/uploads\/2022\/11\/whitedog-1024x708.png 1024w, https:\/\/villavuosseli.fi\/wp-content\/uploads\/2022\/11\/whitedog-768x531.png 768w, https:\/\/villavuosseli.fi\/wp-content\/uploads\/2022\/11\/whitedog-930x620.png 930w\" sizes=\"auto, (max-width: 20px) 100vw, 20px\" \/><\/a><\/div>\n\n\n\n<div class=\"wp-block-button\"><a class=\"wp-block-button__link has-small-font-size has-custom-font-size wp-element-button\" href=\"https:\/\/www.lomarengas.fi\/mokit\/kuusamo-rukatunturi-villa-vuosseli-b-1-11663\" style=\"border-radius:15px\" target=\"_blank\" rel=\"noreferrer noopener\">Apartment<br>B1<\/a><\/div>\n<\/div>\n\n\n\n<div style=\"height:5px\" aria-hidden=\"true\" class=\"wp-block-spacer\"><\/div>\n\n\n\n<div class=\"wp-block-buttons alignwide is-content-justification-center is-layout-flex wp-container-core-buttons-is-layout-16018d1d wp-block-buttons-is-layout-flex\">\n<div class=\"wp-block-button is-style-default\"><a class=\"wp-block-button__link has-small-font-size has-custom-font-size wp-element-button\" href=\"https:\/\/www.lomarengas.fi\/mokit\/kuusamo-villa-vuosseli-b-2-11664?ownerNumber=12589\" style=\"border-radius:15px\" target=\"_blank\" rel=\"noreferrer noopener\">Apartment<br>B2 <img loading=\"lazy\" decoding=\"async\" width=\"20\" height=\"14\" class=\"wp-image-693\" style=\"width: 20px;\" src=\"https:\/\/villavuosseli.fi\/wp\/wp\/wp-content\/uploads\/2022\/11\/whitedog.png\" alt=\"\" srcset=\"https:\/\/villavuosseli.fi\/wp-content\/uploads\/2022\/11\/whitedog.png 1280w, https:\/\/villavuosseli.fi\/wp-content\/uploads\/2022\/11\/whitedog-300x207.png 300w, https:\/\/villavuosseli.fi\/wp-content\/uploads\/2022\/11\/whitedog-1024x708.png 1024w, https:\/\/villavuosseli.fi\/wp-content\/uploads\/2022\/11\/whitedog-768x531.png 768w, https:\/\/villavuosseli.fi\/wp-content\/uploads\/2022\/11\/whitedog-930x620.png 930w\" sizes=\"auto, (max-width: 20px) 100vw, 20px\" \/><\/a><\/div>\n\n\n\n<div class=\"wp-block-button\"><a class=\"wp-block-button__link has-small-font-size has-custom-font-size wp-element-button\" href=\"https:\/\/www.lomarengas.fi\/mokit\/kuusamo-rukatunturi-villa-vuosseli-c-1-11665\" style=\"border-radius:15px\" target=\"_blank\" rel=\"noreferrer noopener\">Apartment<br>C1 <img loading=\"lazy\" decoding=\"async\" width=\"20\" height=\"14\" class=\"wp-image-693\" style=\"width: 20px;\" src=\"https:\/\/villavuosseli.fi\/wp\/wp\/wp-content\/uploads\/2022\/11\/whitedog.png\" alt=\"\" srcset=\"https:\/\/villavuosseli.fi\/wp-content\/uploads\/2022\/11\/whitedog.png 1280w, https:\/\/villavuosseli.fi\/wp-content\/uploads\/2022\/11\/whitedog-300x207.png 300w, https:\/\/villavuosseli.fi\/wp-content\/uploads\/2022\/11\/whitedog-1024x708.png 1024w, https:\/\/villavuosseli.fi\/wp-content\/uploads\/2022\/11\/whitedog-768x531.png 768w, https:\/\/villavuosseli.fi\/wp-content\/uploads\/2022\/11\/whitedog-930x620.png 930w\" sizes=\"auto, (max-width: 20px) 100vw, 20px\" \/><\/a><\/div>\n\n\n\n<div class=\"wp-block-button\"><a class=\"wp-block-button__link has-small-font-size has-custom-font-size wp-element-button\" href=\"https:\/\/www.lomarengas.fi\/mokit\/kuusamo-rukatunturi-villa-vuosseli-c-2-11666\" style=\"border-radius:15px\" target=\"_blank\" rel=\"noreferrer noopener\">Apartment<br>C2 <img loading=\"lazy\" decoding=\"async\" width=\"20\" height=\"14\" class=\"wp-image-693\" style=\"width: 20px;\" src=\"https:\/\/villavuosseli.fi\/wp\/wp\/wp-content\/uploads\/2022\/11\/whitedog.png\" alt=\"\" srcset=\"https:\/\/villavuosseli.fi\/wp-content\/uploads\/2022\/11\/whitedog.png 1280w, https:\/\/villavuosseli.fi\/wp-content\/uploads\/2022\/11\/whitedog-300x207.png 300w, https:\/\/villavuosseli.fi\/wp-content\/uploads\/2022\/11\/whitedog-1024x708.png 1024w, https:\/\/villavuosseli.fi\/wp-content\/uploads\/2022\/11\/whitedog-768x531.png 768w, https:\/\/villavuosseli.fi\/wp-content\/uploads\/2022\/11\/whitedog-930x620.png 930w\" sizes=\"auto, (max-width: 20px) 100vw, 20px\" \/><\/a><\/div>\n<\/div>\n\n\n\n<div style=\"height:15px\" aria-hidden=\"true\" class=\"wp-block-spacer\"><\/div>\n\n\n\n<p>Jump on the back of your mountain bike and pedal directly from the courtyard to the routes of Ruka. The ski slopes are just around the corner, and you can access the Ruka ski trails directly via Villa Vuosseli&#8217;s own connecting track. The snowmobile trail runs 200 meters from the yard.<\/p>\n\n\n\n<figure class=\"wp-block-embed is-type-video is-provider-youtube wp-block-embed-youtube wp-embed-aspect-16-9 wp-has-aspect-ratio\"><div class=\"wp-block-embed__wrapper\">\n<div class=\"nv-iframe-embed\"><iframe loading=\"lazy\" title=\"Villa Vuosseli\" width=\"1200\" height=\"675\" src=\"https:\/\/www.youtube.com\/embed\/9d3L-0xPeSc?feature=oembed\" frameborder=\"0\" allow=\"accelerometer; autoplay; clipboard-write; encrypted-media; gyroscope; picture-in-picture; web-share\" referrerpolicy=\"strict-origin-when-cross-origin\" allowfullscreen><\/iframe><\/div>\n<\/div><\/figure>\n\n\n\n<p><\/p>\n\n\n\n<h4 id=\"wp-block-themeisle-blocks-advanced-heading-a5f4ca99\" class=\"wp-block-themeisle-blocks-advanced-heading wp-block-themeisle-blocks-advanced-heading-a5f4ca99\">Inquire long-term and or multiple apartment rentals of Villa Vuosseli&#8217;s apartments by email of telephone:<\/h4>\n\n\n\n<p class=\"has-text-align-center\"><strong>Puh. +358 400 824 260<br>S\u00e4hk\u00f6posti: info@maheva.fi<\/strong><\/p>\n\n\n\n<div id=\"wp-block-themeisle-blocks-button-group-dbf45671\" class=\"wp-block-themeisle-blocks-button-group wp-block-buttons align-center ticss-acf829d8\">\n<div id=\"wp-block-themeisle-blocks-button-1e9d615a\" class=\"wp-block-themeisle-blocks-button wp-block-button is-style-fill\"><a href=\"https:\/\/www.facebook.com\/people\/Ruka-Villa-Vuosseli-huoneistot\/100064051662147\/\" target=\"_blank\" rel=\"noopener noreferrer\" class=\"wp-block-button__link\"><i class=\"fab fa-fw fa-facebook-f\"><\/i><\/a><\/div>\n\n\n\n<div id=\"wp-block-themeisle-blocks-button-30120c6d\" class=\"wp-block-themeisle-blocks-button wp-block-button\"><a href=\"https:\/\/www.instagram.com\/villavuosseli\/\" target=\"_blank\" rel=\"noopener noreferrer\" class=\"wp-block-button__link\"><i class=\"fab fa-fw fa-instagram\"><\/i><\/a><\/div>\n<\/div>\n\n\n\n<h2 class=\"wp-block-heading has-text-align-center\">Feedback from visitors:<\/h2>\n\n\n\n<div id=\"wp-block-themeisle-blocks-advanced-columns-1930add6\" class=\"wp-block-themeisle-blocks-advanced-columns alignwide has-2-columns has-desktop-equal-layout has-tablet-equal-layout has-mobile-collapsedRows-layout has-vertical-unset has-light-bg\"><div class=\"wp-block-themeisle-blocks-advanced-columns-overlay\"><\/div><div class=\"innerblocks-wrap\">\n<div id=\"wp-block-themeisle-blocks-advanced-column-755af40a\" class=\"wp-block-themeisle-blocks-advanced-column\">\n<p><em>\u201dM\u00f6kin sijainti oli rauhallinen ja hiihtoladut vieress\u00e4. M\u00f6kiss\u00e4 oli kaikki tarpeellinen ja m\u00f6kki oli siisti ja kivasti sisustettu. Grillikota oli ihana ja tunnelmallinen. Apu oli l\u00e4hell\u00e4, kun autosta loppui akku l\u00e4htiess\u00e4mme pois. Olemme todella tyytyv\u00e4isi\u00e4.\u201d<\/em><br>-Petri, 4\/2020<\/p>\n\n\n\n<p><\/p>\n\n\n\n<p><em>\u201cLocation is great, especially for cross-country skiing. Houses are placed in area so that we can&#8217;t see other windows and could feel like in the middle of nature. Apartment was clean, kitchen equipped with everything what you would need. All equipment is modern and in good order. Beds are comfortable. Good sound isolation with other apartment in house &#8211; we couldn&#8217;t hear anything.\u201d<\/em><br>-Marita, 3\/2022<\/p>\n\n\n\n<p><\/p>\n\n\n\n<p><em>Erinomainen kohde luonnon rauhassa. Asunto oli jopa parempi kuin kuvissa &#8211; kaikki oli siisti\u00e4, uudehkoa ja toimivaa. Olohuoneen isosta ikkunasta saattoi ihailla kaunista luontoa ja esimerkiksi hiihtoladut l\u00e4htiv\u00e4t suoraan pihasta. Naapurista ei kuulunut \u00e4\u00e4ni\u00e4, vaikka sein\u00e4n toisella puolella majaili samanaikaisesti iso lapsiperhe. T\u00e4t\u00e4 kohdetta voi l\u00e4mpim\u00e4sti suositella!\u201d<\/em><br>-Riitta, 2\/2020<\/p>\n\n\n\n<p><\/p>\n\n\n\n<p><em>\u201dL\u00e4mpim\u00e4t suosittelut t\u00e4lle kohteelle! M\u00f6kki oli todella siisti ja hyvin varusteltu. Lukittava ulkovarasto suksille, autokatospaikka. Sijainti on rauhallinen ja laduille p\u00e4\u00e4see suoraan pihasta siirtym\u00e4reitin kautta.\u201d<\/em><br>-Reeta, 3\/2022<\/p>\n\n\n\n<p class=\"has-text-align-center\"><br><\/p>\n<\/div>\n\n\n\n<div id=\"wp-block-themeisle-blocks-advanced-column-31ff7830\" class=\"wp-block-themeisle-blocks-advanced-column\">\n<p><\/p>\n\n\n\n<p><em>\u201dSiisti ja tasokas talo rauhallisella sijainnilla upean luonnon ymp\u00e4r\u00f6im\u00e4n\u00e4. \u00c4\u00e4net eiv\u00e4t kantaudu huoneistojen v\u00e4lill\u00e4, vaikka molemmilla puolilla majoittuisi samaan aikaan lapsiperhe.\u201d<\/em><br>-Heidi, 2\/2022<\/p>\n\n\n\n<p><em>\u201dSiisti ja hyv\u00e4t tilaratkaisut omaava m\u00f6kki. Rauhallinen sijainti. L\u00e4mmin varasto ja m\u00f6kkien yhteinen lasitettu grillikatos ehdotonta plussaa.\u201d<\/em><br>-Seppo, 12\/2021<\/p>\n\n\n\n<p><\/p>\n\n\n\n<p><em>\u201dSiisti, viihtyis\u00e4 ja hyv\u00e4kuntoinen. Kelkkareitti ja hiihtolatu k\u00e4tev\u00e4sti l\u00e4hell\u00e4 eik\u00e4 Ruka-keskuskaan kaukana ole. Yhteisk\u00e4yt\u00f6ss\u00e4 oleva grillikota todella hieno ja tunnelmallinen. Varmasti tullaan toistekin.\u201d<\/em><br>-Mikko, 4\/2021<\/p>\n\n\n\n<p><em>\u201dVilla Vuosseli sijaitsee sopivan automatkan p\u00e4\u00e4ss\u00e4 Rukan rinteist\u00e4 rauhallisen mets\u00e4n keskell\u00e4. Huoneisto on siisti, tilava ja hyvin varustettu, arkihommat sujuu joustavasti. Sopii isollekin porukalle, meit\u00e4 oli 6 aikuista + lapsi + lemmikki.\u201d<\/em><br>-Merja, 12\/2019<\/p>\n\n\n\n<p><\/p>\n\n\n\n<p><\/p>\n\n\n\n<p><em>\u201dSiisti, kauniisti sisustettu huoneisto. Rauhallinen sijainti, kuitenkin keskeisell\u00e4 paikalla. Hyv\u00e4 vaihtoehto koiran kanssa matkustavalle, ulkoilutusmaastoa heti rakennuksen ulkopuolella. Reilusti astioita, erillinen wc, kuivauskaappi ja-rumpu, tilava varasto esim polkupy\u00f6rille \/ suksille. Kaunis grillitupa asukkaiden yhteisess\u00e4 k\u00e4yt\u00f6ss\u00e4.\u201d<\/em><br>-Kirsi, 7\/2021<\/p>\n<\/div>\n<\/div><\/div>\n<\/div>\n<\/div><\/div>\n<\/div><\/div>\n\n\n<div class=\"wp-block-image\">\n<figure class=\"aligncenter size-full is-resized\"><a href=\"https:\/\/villavuosseli.fi\/?page_id=806&amp;lang=en\"><img loading=\"lazy\" decoding=\"async\" width=\"709\" height=\"709\" src=\"https:\/\/villavuosseli.fi\/wp-content\/uploads\/2022\/10\/VillaVuosseli_logo_mv.png\" alt=\"\" class=\"wp-image-390\" style=\"width:355px;height:355px\" srcset=\"https:\/\/villavuosseli.fi\/wp-content\/uploads\/2022\/10\/VillaVuosseli_logo_mv.png 709w, https:\/\/villavuosseli.fi\/wp-content\/uploads\/2022\/10\/VillaVuosseli_logo_mv-300x300.png 300w, https:\/\/villavuosseli.fi\/wp-content\/uploads\/2022\/10\/VillaVuosseli_logo_mv-150x150.png 150w\" sizes=\"auto, (max-width: 709px) 100vw, 709px\" \/><\/a><\/figure>\n<\/div>","protected":false},"excerpt":{"rendered":"","protected":false},"author":1,"featured_media":0,"parent":0,"menu_order":0,"comment_status":"closed","ping_status":"closed","template":"page-templates\/template-pagebuilder-full-width.php","meta":{"neve_meta_sidebar":"full-width","neve_meta_container":"contained","neve_meta_enable_content_width":"on","neve_meta_content_width":100,"neve_meta_title_alignment":"","neve_meta_author_avatar":"","neve_post_elements_order":"","neve_meta_disable_header":"","neve_meta_disable_footer":"","neve_meta_disable_title":"","_themeisle_gutenberg_block_has_review":false,"footnotes":""},"class_list":["post-806","page","type-page","status-publish","hentry"],"_links":{"self":[{"href":"https:\/\/villavuosseli.fi\/index.php?rest_route=\/wp\/v2\/pages\/806","targetHints":{"allow":["GET"]}}],"collection":[{"href":"https:\/\/villavuosseli.fi\/index.php?rest_route=\/wp\/v2\/pages"}],"about":[{"href":"https:\/\/villavuosseli.fi\/index.php?rest_route=\/wp\/v2\/types\/page"}],"author":[{"embeddable":true,"href":"https:\/\/villavuosseli.fi\/index.php?rest_route=\/wp\/v2\/users\/1"}],"replies":[{"embeddable":true,"href":"https:\/\/villavuosseli.fi\/index.php?rest_route=%2Fwp%2Fv2%2Fcomments&post=806"}],"version-history":[{"count":11,"href":"https:\/\/villavuosseli.fi\/index.php?rest_route=\/wp\/v2\/pages\/806\/revisions"}],"predecessor-version":[{"id":971,"href":"https:\/\/villavuosseli.fi\/index.php?rest_route=\/wp\/v2\/pages\/806\/revisions\/971"}],"wp:attachment":[{"href":"https:\/\/villavuosseli.fi\/index.php?rest_route=%2Fwp%2Fv2%2Fmedia&parent=806"}],"curies":[{"name":"wp","href":"https:\/\/api.w.org\/{rel}","templated":true}]}}