{"id":215,"date":"2020-02-14T12:19:38","date_gmt":"2020-02-14T12:19:38","guid":{"rendered":"https:\/\/demosites.io\/vacantion-rental-gb\/?page_id=215"},"modified":"2026-01-06T20:44:31","modified_gmt":"2026-01-06T20:44:31","slug":"0f1ae-home","status":"publish","type":"page","link":"https:\/\/villavuosseli.fi\/","title":{"rendered":"ETUSIVU"},"content":{"rendered":"\n<div id=\"wp-block-themeisle-blocks-advanced-columns-5f4bfe2b\" class=\"wp-block-themeisle-blocks-advanced-columns alignfull has-1-columns has-desktop-equal-layout has-tablet-equal-layout has-mobile-equal-layout has-vertical-center\"><div class=\"wp-block-themeisle-blocks-advanced-columns-overlay\"><\/div><div class=\"innerblocks-wrap\">\n<div id=\"wp-block-themeisle-blocks-advanced-column-74b19e69\" class=\"wp-block-themeisle-blocks-advanced-column\"><\/div>\n<\/div><\/div>\n\n\n\n<div class=\"wp-block-group alignfull\"><div class=\"wp-block-group__inner-container is-layout-constrained wp-block-group-is-layout-constrained\">\n<div id=\"wp-block-themeisle-blocks-advanced-columns-ed5a9992\" class=\"wp-block-themeisle-blocks-advanced-columns alignfull has-1-columns has-desktop-equal-layout has-tablet-equal-layout has-mobile-collapsedRows-layout has-vertical-unset\"><div class=\"wp-block-themeisle-blocks-advanced-columns-overlay\"><\/div><div class=\"innerblocks-wrap\">\n<div id=\"wp-block-themeisle-blocks-advanced-column-9d4d2526\" class=\"wp-block-themeisle-blocks-advanced-column\">\n<h2 class=\"wp-block-heading has-text-align-center\">Tervetuloa Villa Vuosseliin!<\/h2>\n\n\n\n<hr class=\"wp-block-separator has-text-color has-nv-c-1-color has-css-opacity has-nv-c-1-background-color has-background is-style-wide\"\/>\n\n\n\n<p class=\"has-text-align-left\">Villa Vuosselin pihapiiriss\u00e4 sijaitsee 6 korkeatasoisista lomahuoneistoa (8 hl\u00f6\u00e4) Vuosselij\u00e4rven rannan tuntumassa. Pihapiiriss\u00e4 on my\u00f6s huoneistojen yhteisk\u00e4yt\u00f6ss\u00e4 oleva moderni grillikota. Huoneiston portailta p\u00e4\u00e4set suoraan nauttimaan rauhallisesta tunturi- ja j\u00e4rvimaisemasta kaikkina vuodenaikoina ja et\u00e4isyys Ruka-kyl\u00e4n sek\u00e4 It\u00e4-Rukan palveluihin on vain muutama kilometri.<\/p>\n\n\n\n<h4 class=\"wp-block-heading has-text-align-center\">Varaa t\u00e4st\u00e4:<\/h4>\n\n\n\n<div class=\"wp-block-buttons alignwide ticss-168adc84 is-content-justification-center is-layout-flex wp-container-core-buttons-is-layout-5e6b19ed wp-block-buttons-is-layout-flex\">\n<div class=\"wp-block-button\"><a class=\"wp-block-button__link has-small-font-size has-custom-font-size wp-element-button\" href=\"https:\/\/www.lomarengas.fi\/mokit\/kuusamo-rukatunturi-villa-vuosseli-a-1-11654\" style=\"border-radius:15px\" target=\"_blank\" rel=\"noreferrer noopener\">Huoneisto<br>A1<\/a><\/div>\n\n\n\n<div class=\"wp-block-button\"><a class=\"wp-block-button__link has-small-font-size has-custom-font-size wp-element-button\" href=\"https:\/\/villavuosseli.fi\/?page_id=879\" style=\"border-radius:15px\" target=\"_blank\" rel=\"noreferrer noopener\">Huoneisto<br>A2 <img loading=\"lazy\" decoding=\"async\" width=\"20\" height=\"14\" class=\"wp-image-693\" style=\"width: 20px;\" src=\"https:\/\/villavuosseli.fi\/wp\/wp\/wp-content\/uploads\/2022\/11\/whitedog.png\" alt=\"\" srcset=\"https:\/\/villavuosseli.fi\/wp-content\/uploads\/2022\/11\/whitedog.png 1280w, https:\/\/villavuosseli.fi\/wp-content\/uploads\/2022\/11\/whitedog-300x207.png 300w, https:\/\/villavuosseli.fi\/wp-content\/uploads\/2022\/11\/whitedog-1024x708.png 1024w, https:\/\/villavuosseli.fi\/wp-content\/uploads\/2022\/11\/whitedog-768x531.png 768w, https:\/\/villavuosseli.fi\/wp-content\/uploads\/2022\/11\/whitedog-930x620.png 930w\" sizes=\"auto, (max-width: 20px) 100vw, 20px\" \/><\/a><\/div>\n\n\n\n<div class=\"wp-block-button\"><a class=\"wp-block-button__link has-small-font-size has-custom-font-size wp-element-button\" href=\"https:\/\/www.lomarengas.fi\/mokit\/kuusamo-rukatunturi-villa-vuosseli-b-1-11663\" style=\"border-radius:15px\" target=\"_blank\" rel=\"noreferrer noopener\">Huoneisto<br>B1<\/a><\/div>\n<\/div>\n\n\n\n<div style=\"height:5px\" aria-hidden=\"true\" class=\"wp-block-spacer\"><\/div>\n\n\n\n<div class=\"wp-block-buttons alignwide is-content-justification-center is-layout-flex wp-container-core-buttons-is-layout-16018d1d wp-block-buttons-is-layout-flex\">\n<div class=\"wp-block-button is-style-default\"><a class=\"wp-block-button__link has-small-font-size has-custom-font-size wp-element-button\" href=\"https:\/\/villavuosseli.fi\/?page_id=881\" style=\"border-radius:15px\" target=\"_blank\" rel=\"noreferrer noopener\">Huoneisto<br>B2 <img loading=\"lazy\" decoding=\"async\" width=\"20\" height=\"14\" class=\"wp-image-693\" style=\"width: 20px;\" src=\"https:\/\/villavuosseli.fi\/wp\/wp\/wp-content\/uploads\/2022\/11\/whitedog.png\" alt=\"\" srcset=\"https:\/\/villavuosseli.fi\/wp-content\/uploads\/2022\/11\/whitedog.png 1280w, https:\/\/villavuosseli.fi\/wp-content\/uploads\/2022\/11\/whitedog-300x207.png 300w, https:\/\/villavuosseli.fi\/wp-content\/uploads\/2022\/11\/whitedog-1024x708.png 1024w, https:\/\/villavuosseli.fi\/wp-content\/uploads\/2022\/11\/whitedog-768x531.png 768w, https:\/\/villavuosseli.fi\/wp-content\/uploads\/2022\/11\/whitedog-930x620.png 930w\" sizes=\"auto, (max-width: 20px) 100vw, 20px\" \/><\/a><\/div>\n\n\n\n<div class=\"wp-block-button\"><a class=\"wp-block-button__link has-small-font-size has-custom-font-size wp-element-button\" href=\"https:\/\/www.lomarengas.fi\/mokit\/kuusamo-rukatunturi-villa-vuosseli-c-1-11665\" style=\"border-radius:15px\" target=\"_blank\" rel=\"noreferrer noopener\">Huoneisto<br>C1 <img loading=\"lazy\" decoding=\"async\" width=\"20\" height=\"14\" class=\"wp-image-693\" style=\"width: 20px;\" src=\"https:\/\/villavuosseli.fi\/wp\/wp\/wp-content\/uploads\/2022\/11\/whitedog.png\" alt=\"\" srcset=\"https:\/\/villavuosseli.fi\/wp-content\/uploads\/2022\/11\/whitedog.png 1280w, https:\/\/villavuosseli.fi\/wp-content\/uploads\/2022\/11\/whitedog-300x207.png 300w, https:\/\/villavuosseli.fi\/wp-content\/uploads\/2022\/11\/whitedog-1024x708.png 1024w, https:\/\/villavuosseli.fi\/wp-content\/uploads\/2022\/11\/whitedog-768x531.png 768w, https:\/\/villavuosseli.fi\/wp-content\/uploads\/2022\/11\/whitedog-930x620.png 930w\" sizes=\"auto, (max-width: 20px) 100vw, 20px\" \/><\/a><\/div>\n\n\n\n<div class=\"wp-block-button\"><a class=\"wp-block-button__link has-small-font-size has-custom-font-size wp-element-button\" href=\"https:\/\/www.lomarengas.fi\/mokit\/kuusamo-rukatunturi-villa-vuosseli-c-2-11666\" style=\"border-radius:15px\" target=\"_blank\" rel=\"noreferrer noopener\">Huoneisto<br>C2 <img loading=\"lazy\" decoding=\"async\" width=\"20\" height=\"14\" class=\"wp-image-693\" style=\"width: 20px;\" src=\"https:\/\/villavuosseli.fi\/wp\/wp\/wp-content\/uploads\/2022\/11\/whitedog.png\" alt=\"\" srcset=\"https:\/\/villavuosseli.fi\/wp-content\/uploads\/2022\/11\/whitedog.png 1280w, https:\/\/villavuosseli.fi\/wp-content\/uploads\/2022\/11\/whitedog-300x207.png 300w, https:\/\/villavuosseli.fi\/wp-content\/uploads\/2022\/11\/whitedog-1024x708.png 1024w, https:\/\/villavuosseli.fi\/wp-content\/uploads\/2022\/11\/whitedog-768x531.png 768w, https:\/\/villavuosseli.fi\/wp-content\/uploads\/2022\/11\/whitedog-930x620.png 930w\" sizes=\"auto, (max-width: 20px) 100vw, 20px\" \/><\/a><\/div>\n<\/div>\n\n\n\n<div style=\"height:50px\" aria-hidden=\"true\" class=\"wp-block-spacer\"><\/div>\n\n\n\n<p>Hypp\u00e4\u00e4 maastopy\u00f6r\u00e4n selk\u00e4\u00e4n ja polkaise suoraan pihapiirist\u00e4 helposti Ruka-Kuusamo alueen reiteille. Hiihtoladut ovat nurkan takana ja pihalta p\u00e4\u00e4see Rukan alueen latureiteille Villa Vuosselin oman yhdysladun kautta. Moottorikelkkareitti kulkee 200 metrin p\u00e4\u00e4ss\u00e4 pihapiirist\u00e4, josta aukeaa koko Koillismaan moottorikelkkareitist\u00f6.<\/p>\n\n\n\n<figure class=\"wp-block-embed is-type-video is-provider-youtube wp-block-embed-youtube wp-embed-aspect-16-9 wp-has-aspect-ratio\"><div class=\"wp-block-embed__wrapper\">\n<div class=\"nv-iframe-embed\"><iframe loading=\"lazy\" title=\"Villa Vuosseli\" width=\"1200\" height=\"675\" src=\"https:\/\/www.youtube.com\/embed\/9d3L-0xPeSc?feature=oembed\" frameborder=\"0\" allow=\"accelerometer; autoplay; clipboard-write; encrypted-media; gyroscope; picture-in-picture; web-share\" referrerpolicy=\"strict-origin-when-cross-origin\" allowfullscreen><\/iframe><\/div>\n<\/div><\/figure>\n\n\n\n<p><\/p>\n\n\n\n<h4 id=\"wp-block-themeisle-blocks-advanced-heading-a5f4ca99\" class=\"wp-block-themeisle-blocks-advanced-heading wp-block-themeisle-blocks-advanced-heading-a5f4ca99\">Voit tiedustella Villa Vuosselin kokonaisuuden- tai huoneistojen pitk\u00e4aikaisista vuokrauksista:<\/h4>\n\n\n\n<p class=\"has-text-align-center\"><strong>Puh. +358 400 824 260<br>S\u00e4hk\u00f6posti: info@maheva.fi<\/strong><\/p>\n\n\n\n<div id=\"wp-block-themeisle-blocks-button-group-dbf45671\" class=\"wp-block-themeisle-blocks-button-group wp-block-buttons align-center ticss-acf829d8\">\n<div id=\"wp-block-themeisle-blocks-button-1e9d615a\" class=\"wp-block-themeisle-blocks-button wp-block-button is-style-fill\"><a href=\"https:\/\/www.facebook.com\/people\/Ruka-Villa-Vuosseli-huoneistot\/100064051662147\/\" target=\"_blank\" rel=\"noopener noreferrer\" class=\"wp-block-button__link\"><i class=\"fab fa-fw fa-facebook-f\"><\/i><\/a><\/div>\n\n\n\n<div id=\"wp-block-themeisle-blocks-button-30120c6d\" class=\"wp-block-themeisle-blocks-button wp-block-button\"><a href=\"https:\/\/www.instagram.com\/villavuosseli\/\" target=\"_blank\" rel=\"noopener noreferrer\" class=\"wp-block-button__link\"><i class=\"fab fa-fw fa-instagram\"><\/i><\/a><\/div>\n<\/div>\n\n\n\n<h2 class=\"wp-block-heading has-text-align-center\">Asiakkaidemme palautteita:<\/h2>\n\n\n\n<div id=\"wp-block-themeisle-blocks-advanced-columns-1930add6\" class=\"wp-block-themeisle-blocks-advanced-columns alignwide has-2-columns has-desktop-equal-layout has-tablet-equal-layout has-mobile-collapsedRows-layout has-vertical-unset has-light-bg\"><div class=\"wp-block-themeisle-blocks-advanced-columns-overlay\"><\/div><div class=\"innerblocks-wrap\">\n<div id=\"wp-block-themeisle-blocks-advanced-column-755af40a\" class=\"wp-block-themeisle-blocks-advanced-column\">\n<p><em>\u201dHyv\u00e4 sijainti, uusi ja juuri sopiva pienen porukan lomakohteeksi. Suosittelen!\u201d<\/em><br>-Sami, 7\/2024<\/p>\n\n\n\n<p><\/p>\n\n\n\n<p><em>\u201cHyv\u00e4ll\u00e4 paikkaa oleva m\u00f6kki ja siisti!.\u201d<\/em><br>-Jarkko, 4\/2024<\/p>\n\n\n\n<p><\/p>\n\n\n\n<p>&#8221;<em>Hyv\u00e4, k\u00e4yt\u00e4nn\u00f6llinen m\u00f6kki l\u00e4hell\u00e4 Rukaa. Plussaa l\u00e4mmin ulkovarasto.\u201d<\/em><br>-Heidi, 3\/2024<\/p>\n\n\n\n<p><\/p>\n\n\n\n<p><em>\u201dModerni ja rauhallinen m\u00f6kki. Grillikatos oli toimiva. Saunassa riitti l\u00f6yly\u00e4. Yl\u00e4parvi toimi hyvin nelj\u00e4lle nukkujalle.\u201d<\/em><br>-Sami, 7\/2024<\/p>\n\n\n\n<p>&#8221;<em>Siisti ja tilava m\u00f6kki 7 hengelle plus koira. Toista kertaa olimme vastaavassa m\u00f6kiss\u00e4 ja j\u00e4lleen olimme tyytyv\u00e4isi\u00e4.<\/em>&#8221;<br>-Eerika, 3\/2024<\/p>\n\n\n\n<p class=\"has-text-align-center\"><br><\/p>\n<\/div>\n\n\n\n<div id=\"wp-block-themeisle-blocks-advanced-column-31ff7830\" class=\"wp-block-themeisle-blocks-advanced-column\">\n<p><\/p>\n\n\n\n<p><em>\u201dM\u00f6kki hyv\u00e4ll\u00e4 paikalla, rauhallinen sijainti. Hiihtoladulle p\u00e4\u00e4si m\u00f6kin vierest\u00e4 ja moottorikelkkareitille my\u00f6s. M\u00f6kiss\u00e4 riitt\u00e4v\u00e4sti astioita ja muutenkin siisti.<\/em>&#8221;<br>-Marja-Liisa, 3\/2024<\/p>\n\n\n\n<p><em>\u201dM\u00f6kki oli ilmoituksessa kuvattua vastaava ja oikein hyv\u00e4. Siivous oli tehty hyvin ja iso autokatos oli ehdoton plussa. Pihakota oli my\u00f6s oikein mukava ja tunnelmallinen. Emme k\u00e4ytt\u00e4neet takkaa kun sis\u00e4ll\u00e4 oli mukavan l\u00e4mmin ilmankin mutta kuivasta koivusta polttopuuna my\u00f6s plussa.\u201d<\/em><br>-Tomi, 1\/2024<\/p>\n\n\n\n<p><\/p>\n\n\n\n<p><em>\u201dHiihto-, py\u00f6r\u00e4ily- ja laskettelumahdollisuudet l\u00e4hell\u00e4. Todella hiljainen ja luonnonl\u00e4heinen paikka.\u201d<\/em><br>-Timo, 12\/2024<\/p>\n\n\n\n<p><em>\u201dTilava m\u00f6kki, perheelle sopiva ja erityisesti jos on koiria ja haluaa luonnossa liikkua. Lyhyen ajomatkan p\u00e4\u00e4ss\u00e4 it\u00e4-Rukalta ja Rukan kyl\u00e4lt\u00e4.\u201d<\/em><br>-Anni, 10\/2024<\/p>\n<\/div>\n<\/div><\/div>\n<\/div>\n<\/div><\/div>\n<\/div><\/div>\n\n\n<div class=\"wp-block-image\">\n<figure class=\"aligncenter size-full is-resized\"><a href=\"https:\/\/villavuosseli.fi\/\"><img loading=\"lazy\" decoding=\"async\" width=\"709\" height=\"709\" src=\"https:\/\/villavuosseli.fi\/wp-content\/uploads\/2022\/10\/VillaVuosseli_logo_mv.png\" alt=\"\" class=\"wp-image-390\" style=\"width:355px;height:355px\" srcset=\"https:\/\/villavuosseli.fi\/wp-content\/uploads\/2022\/10\/VillaVuosseli_logo_mv.png 709w, https:\/\/villavuosseli.fi\/wp-content\/uploads\/2022\/10\/VillaVuosseli_logo_mv-300x300.png 300w, https:\/\/villavuosseli.fi\/wp-content\/uploads\/2022\/10\/VillaVuosseli_logo_mv-150x150.png 150w\" sizes=\"auto, (max-width: 709px) 100vw, 709px\" \/><\/a><\/figure>\n<\/div>","protected":false},"excerpt":{"rendered":"","protected":false},"author":1,"featured_media":0,"parent":0,"menu_order":0,"comment_status":"closed","ping_status":"closed","template":"page-templates\/template-pagebuilder-full-width.php","meta":{"neve_meta_sidebar":"full-width","neve_meta_container":"contained","neve_meta_enable_content_width":"on","neve_meta_content_width":100,"neve_meta_title_alignment":"","neve_meta_author_avatar":"","neve_post_elements_order":"","neve_meta_disable_header":"","neve_meta_disable_footer":"","neve_meta_disable_title":"","_themeisle_gutenberg_block_has_review":false,"footnotes":""},"class_list":["post-215","page","type-page","status-publish","hentry"],"_links":{"self":[{"href":"https:\/\/villavuosseli.fi\/index.php?rest_route=\/wp\/v2\/pages\/215","targetHints":{"allow":["GET"]}}],"collection":[{"href":"https:\/\/villavuosseli.fi\/index.php?rest_route=\/wp\/v2\/pages"}],"about":[{"href":"https:\/\/villavuosseli.fi\/index.php?rest_route=\/wp\/v2\/types\/page"}],"author":[{"embeddable":true,"href":"https:\/\/villavuosseli.fi\/index.php?rest_route=\/wp\/v2\/users\/1"}],"replies":[{"embeddable":true,"href":"https:\/\/villavuosseli.fi\/index.php?rest_route=%2Fwp%2Fv2%2Fcomments&post=215"}],"version-history":[{"count":55,"href":"https:\/\/villavuosseli.fi\/index.php?rest_route=\/wp\/v2\/pages\/215\/revisions"}],"predecessor-version":[{"id":968,"href":"https:\/\/villavuosseli.fi\/index.php?rest_route=\/wp\/v2\/pages\/215\/revisions\/968"}],"wp:attachment":[{"href":"https:\/\/villavuosseli.fi\/index.php?rest_route=%2Fwp%2Fv2%2Fmedia&parent=215"}],"curies":[{"name":"wp","href":"https:\/\/api.w.org\/{rel}","templated":true}]}}